{"id":5558,"date":"2021-05-08T13:37:12","date_gmt":"2021-05-08T11:37:12","guid":{"rendered":"http:\/\/insta-mproduction.es\/Mproduction\/?page_id=5558"},"modified":"2025-07-08T16:17:44","modified_gmt":"2025-07-08T14:17:44","slug":"polityka-prywatnosci","status":"publish","type":"page","link":"https:\/\/in-mproduction.pl\/en\/polityka-prywatnosci\/","title":{"rendered":"Polityka Prywatno\u015bci"},"content":{"rendered":"<div data-elementor-type=\"wp-page\" data-elementor-id=\"5558\" class=\"elementor elementor-5558\" data-elementor-post-type=\"page\">\n\t\t\t\t\t\t<section class=\"elementor-section elementor-top-section elementor-element elementor-element-ab3c701 elementor-section-boxed elementor-section-height-default elementor-section-height-default\" data-id=\"ab3c701\" data-element_type=\"section\">\n\t\t\t\t\t\t<div class=\"elementor-container elementor-column-gap-default\">\n\t\t\t\t\t<div class=\"elementor-column elementor-col-100 elementor-top-column elementor-element elementor-element-51a6199\" data-id=\"51a6199\" data-element_type=\"column\">\n\t\t\t<div class=\"elementor-widget-wrap elementor-element-populated\">\n\t\t\t\t\t\t<div class=\"elementor-element elementor-element-b5cb572 elementor-widget elementor-widget-text-editor\" data-id=\"b5cb572\" data-element_type=\"widget\" data-widget_type=\"text-editor.default\">\n\t\t\t\t<div class=\"elementor-widget-container\">\n\t\t\t\t\t\t\t\t\t<h3 style=\"text-align: center;\"><b>Regulamin \u015bwiadczenia us\u0142ug, polityka prywatno\u015bci, pliki cookies<\/b><\/h3>\n<p style=\"text-align: center;\"><b>www.in-mproduction.pl<\/b><a href=\"https:\/\/in-mproduction.pl\/en\/\"><b><br><\/b><b><\/b><\/a><\/p><p style=\"text-align: center;\"><b><br><\/b><\/p>\n<p><\/p>\n<h4 style=\"text-align: center;\"><b>\u00a7 1 Postanowienia og\u00f3lne<\/b><\/h4>\n<ol>\n<li style=\"font-weight: 400;\" aria-level=\"1\"><span style=\"font-weight: 400;\">Niniejszy Regulamin okre\u015bla zasady korzystania z us\u0142ug oferowanych przez M Production International sp. z o.o. i odnosi si\u0119 do wszystkich stosunk\u00f3w pomi\u0119dzy Operatorem Us\u0142ugi, a U\u017cytkownikiem.<\/span><\/li>\n<li style=\"font-weight: 400;\" aria-level=\"1\"><span style=\"font-weight: 400;\">Us\u0142ugodawc\u0105 jest M Production International sp. z o.o. z siedzib\u0105 przy ul. Wodnika 3\/21, 91-498 \u0141\u00f3d\u017a, NIP: 726 268 50 14, REGON: 388604800, KRS: 0000892753.<\/span><\/li>\n<li style=\"font-weight: 400;\" aria-level=\"1\"><span style=\"font-weight: 400;\">Przedmiot us\u0142ugi dotyczy prowadzenia kampanii reklamowej na platformie LinkedIn, z kt\u00f3rej mog\u0105 skorzysta\u0107 u\u017cytkownicy chc\u0105cy zwi\u0119kszy\u0107 popularno\u015b\u0107 i zasi\u0119gi swoich medi\u00f3w spo\u0142eczno\u015bciowych.<\/span><\/li>\n<\/ol><div><br><\/div><div><br><\/div>\n<h4 style=\"text-align: center;\"><b>\u00a7 2 Definicje regulaminowe<\/b><\/h4>\n<ol>\n<li style=\"font-weight: 400;\" aria-level=\"1\"><b>U\u017cytkownik<\/b><span style=\"font-weight: 400;\">: osoba fizyczna, posiadaj\u0105ca pe\u0142n\u0105 zdolno\u015b\u0107 do czynno\u015bci prawnych, jak r\u00f3wnie\u017c osoba prawna, kt\u00f3ra korzysta z serwisu M Production International, na warunkach wskazanych w niniejszym Regulaminie; podmiot, kt\u00f3ry zawar\u0142 Umow\u0119 na \u015bwiadczenie Us\u0142ug z M Production International.<\/span><\/li>\n<li style=\"font-weight: 400;\" aria-level=\"1\"><b>Us\u0142ugodawca<\/b><span style=\"font-weight: 400;\">: M Production International sp. z o.o. z siedzib\u0105 przy ul. Wodnika 3\/21, 91-498 \u0141\u00f3d\u017a, NIP: 726 268 50 14, REGON: 388604800, KRS: 0000892753.<\/span><\/li>\n<\/ol><div><br><\/div><div><br><\/div>\n<h4 style=\"text-align: center;\"><b>\u00a7 3 Warunki<\/b><\/h4>\n<ol>\n<li style=\"font-weight: 400;\" aria-level=\"1\"><span style=\"font-weight: 400;\">Zawarcie Umowy Sprzeda\u017cy mi\u0119dzy Us\u0142ugodawc\u0105 a U\u017cytkownikiem nast\u0119puje w drodze akceptacji przez U\u017cytkownika oferty handlowej przedstawionej przez przedstawiciela Us\u0142ugodawcy, w ka\u017cdy prawem dozwolony spos\u00f3b tj. poprzez:<\/span>\n<ul>\n<li style=\"font-weight: 400;\" aria-level=\"2\"><span style=\"font-weight: 400;\">z\u0142o\u017cenie podpisu na Umowie,<\/span><\/li>\n<li style=\"font-weight: 400;\" aria-level=\"2\"><span style=\"font-weight: 400;\">przes\u0142anie stosownego o\u015bwiadczenia poczt\u0105 elektroniczn\u0105,<\/span><\/li>\n<li style=\"font-weight: 400;\" aria-level=\"2\"><span style=\"font-weight: 400;\">akceptacj\u0119 z\u0142o\u017con\u0105 przy pomocy \u015brodk\u00f3w do porozumiewania si\u0119 na odleg\u0142o\u015b\u0107 (telefon\/fax) lub<\/span><\/li>\n<li style=\"font-weight: 400;\" aria-level=\"2\"><span style=\"font-weight: 400;\">przez faktyczne rozpocz\u0119cie realizacji umowy.<\/span><\/li>\n<\/ul>\n<\/li>\n<li style=\"font-weight: 400;\" aria-level=\"1\"><span style=\"font-weight: 400;\">Cena Us\u0142ugi uwidoczniona w Serwisie podana jest w PLN i <\/span><b>nie<\/b><span style=\"font-weight: 400;\"> zawiera podatk\u00f3w. O \u0142\u0105cznej cenie wraz z podatkami Us\u0142ugi b\u0119d\u0105cej przedmiotem Zam\u00f3wienia, U\u017cytkownik jest informowany w Serwisie w trakcie sk\u0142adania Zam\u00f3wienia lub drog\u0105 elektroniczn\u0105.<\/span><\/li>\n<\/ol>\n<p style=\"text-align: center;\"><b><br>Procedura zawarcia Umowy Sprzeda\u017cy za pomoc\u0105 Formularza Zam\u00f3wie\u0144:<\/b><\/p>\n<ol>\n<li style=\"font-weight: 400;\" aria-level=\"1\"><span style=\"font-weight: 400;\">Zawarcie Umowy Sprzeda\u017cy mi\u0119dzy U\u017cytkownikiem, a Us\u0142ugodawc\u0105 nast\u0119puje po uprzednim z\u0142o\u017ceniu przez U\u017cytkownika Zam\u00f3wienia w Serwisie zgodnie z postanowieniami Regulaminu.<\/span><\/li>\n<li style=\"font-weight: 400;\" aria-level=\"1\"><span style=\"font-weight: 400;\">Po z\u0142o\u017ceniu Zam\u00f3wienia Us\u0142ugodawca niezw\u0142ocznie potwierdza jego otrzymanie oraz jednocze\u015bnie przyjmuje Zam\u00f3wienie do realizacji. Potwierdzenie otrzymania Zam\u00f3wienia i jego przyj\u0119cie do realizacji nast\u0119puje poprzez przes\u0142anie przez Us\u0142ugodawc\u0119 U\u017cytkownikowi stosownej wiadomo\u015bci e-mail na podany w trakcie sk\u0142adania Zam\u00f3wienia adres e-mail U\u017cytkownika, kt\u00f3ra zawiera o\u015bwiadczenia Us\u0142ugodawcy o otrzymaniu Zam\u00f3wienia i o jego przyj\u0119ciu do realizacji oraz potwierdzenie zawarcia Umowy Sprzeda\u017cy. Z chwil\u0105 otrzymania przez U\u017cytkownika powy\u017cszej wiadomo\u015bci e-mail zostaje zawarta Umowa Sprzeda\u017cy mi\u0119dzy U\u017cytkownikiem, a Us\u0142ugodawc\u0105.<\/span><\/li>\n<li style=\"font-weight: 400;\" aria-level=\"1\"><span style=\"font-weight: 400;\">Utrwalenie, zabezpieczenie oraz udost\u0119pnienie U\u017cytkownikowi tre\u015bci zawieranej Umowy Sprzeda\u017cy nast\u0119puje poprzez przes\u0142anie U\u017cytkownikowi wiadomo\u015bci e-mail.<\/span><\/li>\n<li style=\"font-weight: 400;\" aria-level=\"1\"><span style=\"font-weight: 400;\">Tre\u015b\u0107 Umowy Sprzeda\u017cy Us\u0142ugi jest dodatkowo utrwalona i zabezpieczona w systemie informatycznym Serwisu Us\u0142ugodawcy.<\/span><\/li>\n<li style=\"font-weight: 400;\" aria-level=\"1\"><span style=\"font-weight: 400;\">Umowa Sprzeda\u017cy zostaje zawarta na czas okre\u015blony albo na czas nieokre\u015blony. Je\u017celi umowa zostaje zawarta na czas okre\u015blony, to nie mo\u017ce zosta\u0107 rozwi\u0105zana przed up\u0142ywem tego okresu, a wypowiedzenie umowy w tym okresie wywo\u0142uje skutek w terminie, do kt\u00f3rego umowa zosta\u0142a zawarta. M Production International mo\u017ce uzale\u017cni\u0107 rozpocz\u0119cie \u015bwiadczenia Us\u0142ugi przez M Production International od zap\u0142aty Wynagrodzenia lub jego raty lub posiadania przez U\u017cytkownika \u015brodk\u00f3w pieni\u0119\u017cnych na koncie klienckim w wysoko\u015bci umo\u017cliwiaj\u0105cej \u015bwiadczenie Us\u0142ugi.<\/span><\/li>\n<\/ol>\n<div>&nbsp;<\/div>\n<p><span style=\"font-weight: 400;\">W ka\u017cdym przypadku pozostawania przez Klienta w op\u00f3\u017anieniu z zap\u0142at\u0105 jakiejkolwiek kwoty na rzecz M Production International mo\u017ce wstrzyma\u0107 \u015bwiadczenie us\u0142ugi na okres op\u00f3\u017anienia, zachowuj\u0105c przy tym prawo do wynagrodzenia za ten okres. Je\u017celi U\u017cytkownik nie rozpocznie albo wstrzyma si\u0119 z wykonywaniem umowy, w szczeg\u00f3lno\u015bci w sytuacji zaprzestania regulowania p\u0142atno\u015bci przez U\u017cytkownika, M Production International ma prawo do wynagrodzenia za ca\u0142y okres, na jaki zosta\u0142a zawarta umowa terminowa, nawet je\u017celi M Production International w zwi\u0105zku z brakiem p\u0142atno\u015bci wstrzyma wykonywanie Us\u0142ugi.<\/span><\/p>\n<ol>\n<li style=\"font-weight: 400;\" aria-level=\"1\"><span style=\"font-weight: 400;\">U\u017cytkownik mo\u017ce wypowiedzie\u0107 Umow\u0119 ze skutkiem natychmiastowym w przypadku nienale\u017cytego wykonywania Umowy przez Us\u0142ugodawc\u0119. W celu skutecznego rozwi\u0105zania umowy U\u017cytkownik jest zobowi\u0105zany przed rozwi\u0105zaniem umowy wezwa\u0107 Us\u0142ugodawc\u0119 do nale\u017cytego wykonania Umowy, wyznaczaj\u0105c Us\u0142ugodawcy co najmniej 30-dniowy termin na usuni\u0119cie nieprawid\u0142owo\u015bci. Wezwanie dla swej wa\u017cno\u015bci powinno wskazywa\u0107 precyzyjnie, jakie nieprawid\u0142owo\u015bci zosta\u0142y stwierdzone. O\u015bwiadczenie dla swej wa\u017cno\u015bci powinno zosta\u0107 wys\u0142ane do M Production International w formie listu przesy\u0142k\u0105 polecon\u0105.<\/span><\/li>\n<li style=\"font-weight: 400;\" aria-level=\"1\"><span style=\"font-weight: 400;\">Us\u0142ugodawca w celu autopromocji ma prawo do powo\u0142ywania si\u0119 na projekty Utwor\u00f3w stworzonych w wyniku Umowy, w tym w szczeg\u00f3lno\u015bci do powo\u0142ywania si\u0119 na te projekty we w\u0142asnych materia\u0142ach reklamowych.<\/span><\/li>\n<li style=\"font-weight: 400;\" aria-level=\"1\"><span style=\"font-weight: 400;\">Us\u0142ugodawca ponosi odpowiedzialno\u015b\u0107 z tytu\u0142u Umowy w zakresie nast\u0119pstw swojego dzia\u0142ania i rzeczywistej szkody, jednak wy\u0142\u0105cznie do wysoko\u015bci otrzymanego od U\u017cytkownika Wynagrodzenia.<\/span><\/li>\n<li style=\"font-weight: 400;\" aria-level=\"1\"><span style=\"font-weight: 400;\">Us\u0142ugodawca nie ponosi odpowiedzialno\u015bci za stan interes\u00f3w U\u017cytkownika.<\/span><\/li>\n<li style=\"font-weight: 400;\" aria-level=\"1\"><span style=\"font-weight: 400;\">U\u017cytkownik akceptuje fakt, i\u017c Us\u0142ugodawca nie \u015bwiadczy Us\u0142ugi na zasadach wy\u0142\u0105czno\u015bci. W szczeg\u00f3lno\u015bci Us\u0142ugodawca mo\u017ce \u015bwiadczy\u0107 analogiczne us\u0142ugi na rzecz podmiot\u00f3w konkurencyjnych wzgl\u0119dem U\u017cytkownika.<\/span><\/li>\n<\/ol><div><br><\/div><div><br><\/div>\n<h4 style=\"text-align: center;\"><b>\u00a7 4 Prawa i obowi\u0105zki Us\u0142ugodawcy<\/b><\/h4>\n<ol>\n<li style=\"font-weight: 400;\" aria-level=\"1\"><span style=\"font-weight: 400;\">Us\u0142ugodawca zobowi\u0105zuje si\u0119 do d\u0105\u017cenia, aby dost\u0119p do Serwisu, za po\u015brednictwem kt\u00f3rego U\u017cytkownik sk\u0142ada zam\u00f3wienie, by\u0142 ci\u0105g\u0142y oraz bezpieczny.<\/span><\/li>\n<li style=\"font-weight: 400;\" aria-level=\"1\"><span style=\"font-weight: 400;\">Us\u0142ugodawca nie ponosi odpowiedzialno\u015bci za jakiekolwiek szkody poniesione przez U\u017cytkownika w wyniku wadliwego funkcjonowania urz\u0105dze\u0144, z kt\u00f3rych U\u017cytkownik realizuje transakcje.<\/span><\/li>\n<li style=\"font-weight: 400;\" aria-level=\"1\"><span style=\"font-weight: 400;\">Us\u0142ugodawca nie ponosi odpowiedzialno\u015bci za funkcjonowanie interfejs\u00f3w oraz \u0142\u0105czy telekomunikacyjnych, kt\u00f3re nie s\u0105 jego w\u0142asno\u015bci\u0105 lub nie s\u0105 przez niego obs\u0142ugiwane, w szczeg\u00f3lno\u015bci interfejs\u00f3w s\u0142u\u017c\u0105cych do wykonywania transakcji przez U\u017cytkownika.<\/span><\/li>\n<\/ol><div><br><\/div><div><br><\/div>\n<h4 style=\"text-align: center;\"><b>\u00a7 5 Prawa i obowi\u0105zki U\u017cytkownika Us\u0142ugi<\/b><\/h4>\n<ol>\n<li style=\"font-weight: 400;\" aria-level=\"1\"><span style=\"font-weight: 400;\">U\u017cytkownik o\u015bwiadcza, i\u017c zapozna\u0142 si\u0119 z regulaminem platformy LinkedIn.<\/span><\/li>\n<li style=\"font-weight: 400;\" aria-level=\"1\"><span style=\"font-weight: 400;\">U\u017cytkownik za pomoc\u0105 podpisania umowy o\u015bwiadcza, i\u017c wyra\u017ca zgod\u0119 na <\/span><b>rozpocz\u0119cie \u015bwiadczenia us\u0142ugi przed up\u0142ywem ustawowego terminu do odst\u0105pienia od umowy<\/b><span style=\"font-weight: 400;\"> i na <\/span><b>brak prawa do odst\u0105pienia od umowy<\/b><span style=\"font-weight: 400;\">, zgodnie z art. 38 pkt. 1 Ustawy o prawach konsumenta z dnia 30 maja 2014 r.<\/span><\/li>\n<\/ol><div><br><\/div><div><br><\/div>\n<h4 style=\"text-align: center;\"><b>\u00a7 6 P\u0142atno\u015bci<\/b><\/h4>\n<ol>\n<li style=\"font-weight: 400;\" aria-level=\"1\"><span style=\"font-weight: 400;\">Op\u0142ata pobierana jest z g\u00f3ry, za miesi\u0105c lub d\u0142u\u017cszy okres korzystania z us\u0142ugi.<\/span><\/li>\n<li style=\"font-weight: 400;\" aria-level=\"1\"><span style=\"font-weight: 400;\">P\u0142atno\u015b\u0107 dokonywana jest za pomoc\u0105 przelewu na podstawie wystawionej proformy lub faktury.<\/span><\/li>\n<li style=\"font-weight: 400;\" aria-level=\"1\"><span style=\"font-weight: 400;\">Us\u0142ugodawca nie zwraca U\u017cytkownikowi op\u0142aty za niewykorzystan\u0105 cz\u0119\u015b\u0107 miesi\u0119cznego lub d\u0142u\u017cszego, wybranego abonamentu.<\/span><\/li>\n<\/ol><div><br><\/div><div><br><\/div>\n<h4 style=\"text-align: center;\"><b>\u00a7 7 Przetwarzanie i ochrona danych osobowych<\/b><\/h4>\n<ol>\n<li style=\"font-weight: 400;\" aria-level=\"1\"><span style=\"font-weight: 400;\">Administratorem danych jest M Production International sp. z o.o. z siedzib\u0105 przy ul. Wodnika 3\/21, 91-498 \u0141\u00f3d\u017a, NIP: 726 268 50 14, REGON: 388604800, KRS: 0000892753.<\/span><\/li>\n<li style=\"font-weight: 400;\" aria-level=\"1\"><span style=\"font-weight: 400;\">Dane osobowe podane przez U\u017cytkownika wykorzystywane w zakresie koniecznym do prawid\u0142owej realizacji Us\u0142ugi, jak\u0105 jest prowadzenie kampanii reklamowej na platformie LinkedIn.<\/span><\/li>\n<li style=\"font-weight: 400;\" aria-level=\"1\"><span style=\"font-weight: 400;\">U\u017cytkownik wyra\u017ca zgod\u0119 na wykorzystanie przez w\u0142a\u015bciciela serwisu danych podanych przez niego podczas sk\u0142adania zam\u00f3wienia do cel\u00f3w marketingowych i analiz rynku, w tym do przekazywania informacji handlowych za po\u015brednictwem \u015brodk\u00f3w komunikacji elektronicznej; zgoda ta zostaje wyra\u017cona podczas sk\u0142adania zam\u00f3wienia przez wype\u0142nienie formularza kontaktowego, um\u00f3wienie si\u0119 na darmow\u0105 konsultacj\u0119 lub podpisanie umowy.<\/span><\/li>\n<\/ol><div><br><\/div><div><br><\/div>\n<h4 style=\"text-align: center;\"><b>\u00a7 8 Informacja o plikach cookies<\/b><\/h4>\n<ol>\n<li style=\"font-weight: 400;\" aria-level=\"1\"><span style=\"font-weight: 400;\">Serwis korzysta z plik\u00f3w cookies.<\/span><\/li>\n<li style=\"font-weight: 400;\" aria-level=\"1\"><span style=\"font-weight: 400;\">U\u017cytkownicy Serwisu mog\u0105 dokona\u0107 zmiany ustawie\u0144 w tym zakresie. Przegl\u0105darka internetowa umo\u017cliwia usuni\u0119cie plik\u00f3w cookies. Mo\u017cliwe jest tak\u017ce automatyczne blokowanie plik\u00f3w cookies. Szczeg\u00f3\u0142owe informacje na ten temat zawiera pomoc lub dokumentacja przegl\u0105darki internetowej.<\/span><\/li>\n<\/ol><div><br><\/div><div><br><\/div>\n<h4 style=\"text-align: center;\"><b>\u00a7 9 Postanowienia ko\u0144cowe<\/b><\/h4>\n<ol>\n<li style=\"font-weight: 400;\" aria-level=\"1\"><span style=\"font-weight: 400;\">Us\u0142ugodawca uprawniony jest w dowolnym momencie do jednostronnego wprowadzenia zmian lub uzupe\u0142nie\u0144 w niniejszym regulaminie; U\u017cytkownik b\u0119dzie informowany o zmianach drog\u0105 mailow\u0105. W przypadku braku zgody na wprowadzone zmiany, \u015bwiadczona Us\u0142uga zostanie zako\u0144czona. W razie braku reakcji U\u017cytkownika na komunikat o zmianie Regulaminu, zostaje on domy\u015blnie zaakceptowany po 30 dniach od pierwszego wy\u015bwietlenia informacji.<\/span><\/li>\n<li style=\"font-weight: 400;\" aria-level=\"1\"><span style=\"font-weight: 400;\">Warunki wsp\u00f3\u0142pracy okre\u015bla umowa i Regulamin. Wszelkie materia\u0142y informacyjne lub reklamowe dotycz\u0105ce Us\u0142ugi maj\u0105 jedynie charakter informacyjny i nie s\u0105 wi\u0105\u017c\u0105ce pod wzgl\u0119dem prawnym.<\/span><\/li>\n<li style=\"font-weight: 400;\" aria-level=\"1\"><span style=\"font-weight: 400;\">Powszechnym s\u0105dem w\u0142a\u015bciwym dla rozpatrywania spor\u00f3w wynikaj\u0105cych z regulaminu jest s\u0105d w\u0142a\u015bciwy dla siedziby Us\u0142ugodawcy.<\/span><\/li>\n<\/ol>\t\t\t\t\t\t\t\t<\/div>\n\t\t\t\t<\/div>\n\t\t\t\t\t<\/div>\n\t\t<\/div>\n\t\t\t\t\t<\/div>\n\t\t<\/section>\n\t\t\t\t<\/div>","protected":false},"excerpt":{"rendered":"<p>Regulamin \u015bwiadczenia us\u0142ug, polityka prywatno\u015bci, pliki cookies www.in-mproduction.pl \u00a7 1 Postanowienia og\u00f3lne Niniejszy Regulamin okre\u015bla zasady korzystania z us\u0142ug oferowanych przez M Production International sp. z o.o. i odnosi si\u0119 do wszystkich stosunk\u00f3w pomi\u0119dzy Operatorem Us\u0142ugi, a U\u017cytkownikiem. Us\u0142ugodawc\u0105 jest M Production International sp. z o.o. z siedzib\u0105 przy ul. Wodnika 3\/21, 91-498 \u0141\u00f3d\u017a, NIP: [&hellip;]<\/p>","protected":false},"author":1,"featured_media":0,"parent":0,"menu_order":0,"comment_status":"closed","ping_status":"closed","template":"","meta":{"footnotes":""},"class_list":["post-5558","page","type-page","status-publish","hentry"],"yoast_head":"<!-- This site is optimized with the Yoast SEO plugin v20.0 - https:\/\/yoast.com\/wordpress\/plugins\/seo\/ -->\n<title>Polityka Prywatno\u015bci - Mproduction<\/title>\n<meta name=\"robots\" content=\"index, follow, max-snippet:-1, max-image-preview:large, max-video-preview:-1\" \/>\n<link rel=\"canonical\" href=\"https:\/\/in-mproduction.pl\/en\/polityka-prywatnosci\/\" \/>\n<meta property=\"og:locale\" content=\"en_US\" \/>\n<meta property=\"og:type\" content=\"article\" \/>\n<meta property=\"og:title\" content=\"Polityka Prywatno\u015bci - Mproduction\" \/>\n<meta property=\"og:description\" content=\"Regulamin \u015bwiadczenia us\u0142ug, polityka prywatno\u015bci, pliki cookies www.in-mproduction.pl \u00a7 1 Postanowienia og\u00f3lne Niniejszy Regulamin okre\u015bla zasady korzystania z us\u0142ug oferowanych przez M Production International sp. z o.o. i odnosi si\u0119 do wszystkich stosunk\u00f3w pomi\u0119dzy Operatorem Us\u0142ugi, a U\u017cytkownikiem. Us\u0142ugodawc\u0105 jest M Production International sp. z o.o. z siedzib\u0105 przy ul. Wodnika 3\/21, 91-498 \u0141\u00f3d\u017a, NIP: [&hellip;]\" \/>\n<meta property=\"og:url\" content=\"https:\/\/in-mproduction.pl\/en\/polityka-prywatnosci\/\" \/>\n<meta property=\"og:site_name\" content=\"Mproduction\" \/>\n<meta property=\"article:modified_time\" content=\"2025-07-08T14:17:44+00:00\" \/>\n<meta name=\"twitter:card\" content=\"summary_large_image\" \/>\n<meta name=\"twitter:label1\" content=\"Est. reading time\" \/>\n\t<meta name=\"twitter:data1\" content=\"7 minutes\" \/>\n<script type=\"application\/ld+json\" class=\"yoast-schema-graph\">{\"@context\":\"https:\/\/schema.org\",\"@graph\":[{\"@type\":\"WebPage\",\"@id\":\"https:\/\/in-mproduction.pl\/polityka-prywatnosci\/\",\"url\":\"https:\/\/in-mproduction.pl\/polityka-prywatnosci\/\",\"name\":\"Polityka Prywatno\u015bci - Mproduction\",\"isPartOf\":{\"@id\":\"https:\/\/in-mproduction.pl\/#website\"},\"datePublished\":\"2021-05-08T11:37:12+00:00\",\"dateModified\":\"2025-07-08T14:17:44+00:00\",\"breadcrumb\":{\"@id\":\"https:\/\/in-mproduction.pl\/polityka-prywatnosci\/#breadcrumb\"},\"inLanguage\":\"en-US\",\"potentialAction\":[{\"@type\":\"ReadAction\",\"target\":[\"https:\/\/in-mproduction.pl\/polityka-prywatnosci\/\"]}]},{\"@type\":\"BreadcrumbList\",\"@id\":\"https:\/\/in-mproduction.pl\/polityka-prywatnosci\/#breadcrumb\",\"itemListElement\":[{\"@type\":\"ListItem\",\"position\":1,\"name\":\"Strona g\u0142\u00f3wna\",\"item\":\"https:\/\/in-mproduction.pl\/\"},{\"@type\":\"ListItem\",\"position\":2,\"name\":\"Polityka Prywatno\u015bci\"}]},{\"@type\":\"WebSite\",\"@id\":\"https:\/\/in-mproduction.pl\/#website\",\"url\":\"https:\/\/in-mproduction.pl\/\",\"name\":\"Mproduction\",\"description\":\"\",\"potentialAction\":[{\"@type\":\"SearchAction\",\"target\":{\"@type\":\"EntryPoint\",\"urlTemplate\":\"https:\/\/in-mproduction.pl\/?s={search_term_string}\"},\"query-input\":\"required name=search_term_string\"}],\"inLanguage\":\"en-US\"}]}<\/script>\n<!-- \/ Yoast SEO plugin. -->","yoast_head_json":{"title":"Polityka Prywatno\u015bci - Mproduction","robots":{"index":"index","follow":"follow","max-snippet":"max-snippet:-1","max-image-preview":"max-image-preview:large","max-video-preview":"max-video-preview:-1"},"canonical":"https:\/\/in-mproduction.pl\/en\/polityka-prywatnosci\/","og_locale":"en_US","og_type":"article","og_title":"Polityka Prywatno\u015bci - Mproduction","og_description":"Regulamin \u015bwiadczenia us\u0142ug, polityka prywatno\u015bci, pliki cookies www.in-mproduction.pl \u00a7 1 Postanowienia og\u00f3lne Niniejszy Regulamin okre\u015bla zasady korzystania z us\u0142ug oferowanych przez M Production International sp. z o.o. i odnosi si\u0119 do wszystkich stosunk\u00f3w pomi\u0119dzy Operatorem Us\u0142ugi, a U\u017cytkownikiem. Us\u0142ugodawc\u0105 jest M Production International sp. z o.o. z siedzib\u0105 przy ul. Wodnika 3\/21, 91-498 \u0141\u00f3d\u017a, NIP: [&hellip;]","og_url":"https:\/\/in-mproduction.pl\/en\/polityka-prywatnosci\/","og_site_name":"Mproduction","article_modified_time":"2025-07-08T14:17:44+00:00","twitter_card":"summary_large_image","twitter_misc":{"Est. reading time":"7 minutes"},"schema":{"@context":"https:\/\/schema.org","@graph":[{"@type":"WebPage","@id":"https:\/\/in-mproduction.pl\/polityka-prywatnosci\/","url":"https:\/\/in-mproduction.pl\/polityka-prywatnosci\/","name":"Polityka Prywatno\u015bci - Mproduction","isPartOf":{"@id":"https:\/\/in-mproduction.pl\/#website"},"datePublished":"2021-05-08T11:37:12+00:00","dateModified":"2025-07-08T14:17:44+00:00","breadcrumb":{"@id":"https:\/\/in-mproduction.pl\/polityka-prywatnosci\/#breadcrumb"},"inLanguage":"en-US","potentialAction":[{"@type":"ReadAction","target":["https:\/\/in-mproduction.pl\/polityka-prywatnosci\/"]}]},{"@type":"BreadcrumbList","@id":"https:\/\/in-mproduction.pl\/polityka-prywatnosci\/#breadcrumb","itemListElement":[{"@type":"ListItem","position":1,"name":"Strona g\u0142\u00f3wna","item":"https:\/\/in-mproduction.pl\/"},{"@type":"ListItem","position":2,"name":"Polityka Prywatno\u015bci"}]},{"@type":"WebSite","@id":"https:\/\/in-mproduction.pl\/#website","url":"https:\/\/in-mproduction.pl\/","name":"Mproduction","description":"","potentialAction":[{"@type":"SearchAction","target":{"@type":"EntryPoint","urlTemplate":"https:\/\/in-mproduction.pl\/?s={search_term_string}"},"query-input":"required name=search_term_string"}],"inLanguage":"en-US"}]}},"_links":{"self":[{"href":"https:\/\/in-mproduction.pl\/en\/wp-json\/wp\/v2\/pages\/5558","targetHints":{"allow":["GET"]}}],"collection":[{"href":"https:\/\/in-mproduction.pl\/en\/wp-json\/wp\/v2\/pages"}],"about":[{"href":"https:\/\/in-mproduction.pl\/en\/wp-json\/wp\/v2\/types\/page"}],"author":[{"embeddable":true,"href":"https:\/\/in-mproduction.pl\/en\/wp-json\/wp\/v2\/users\/1"}],"replies":[{"embeddable":true,"href":"https:\/\/in-mproduction.pl\/en\/wp-json\/wp\/v2\/comments?post=5558"}],"version-history":[{"count":66,"href":"https:\/\/in-mproduction.pl\/en\/wp-json\/wp\/v2\/pages\/5558\/revisions"}],"predecessor-version":[{"id":20075,"href":"https:\/\/in-mproduction.pl\/en\/wp-json\/wp\/v2\/pages\/5558\/revisions\/20075"}],"wp:attachment":[{"href":"https:\/\/in-mproduction.pl\/en\/wp-json\/wp\/v2\/media?parent=5558"}],"curies":[{"name":"wp","href":"https:\/\/api.w.org\/{rel}","templated":true}]}}